{"id":9,"date":"2018-04-05T10:35:38","date_gmt":"2018-04-05T08:35:38","guid":{"rendered":"http:\/\/magnetiseur44-gianni.fr\/?page_id=9"},"modified":"2024-10-22T18:31:41","modified_gmt":"2024-10-22T16:31:41","slug":"contact","status":"publish","type":"page","link":"https:\/\/magnetiseur44-gianni.fr\/index.php\/contact\/","title":{"rendered":"Faisons connaissance"},"content":{"rendered":"<p>Nous avons tous dans notre entourage un proche, un voisin ou un coll\u00e8gue ayant un jour fait appel \u00e0 un sp\u00e9cialise de la m\u00e9decin alternative, parfois appel\u00e9e m\u00e9decine \u00ab\u00a0holistique\u00a0\u00bb. Magn\u00e9tiseur, rebouteux&#8230; Diverses appellations et divers t\u00e9moignages qui peuvent parfois susciter inqui\u00e9tude et interrogations, ce pourquoi je souhaite vous faire partager mon histoire.<\/p>\n<p>De nature sociable et empathique, je me suis \u00e9panoui pendant des ann\u00e9es dans le sport collectif. \u00c0 15 ans je rejoins le Centre de Formation de Rennes, avec de grands espoirs de faire carri\u00e8re dans le football.<\/p>\n<p>Lors d&rsquo;une rencontre sportive \u00e0 Mont de Marsan, dans les Landes, notre gardien de but se tord le doigt. Ce que j&rsquo;ai ressenti est assez difficile \u00e0 d\u00e9crire, mais je savais que je devais, ou plut\u00f4t que je pouvais l&rsquo;aider. En prenant ses mains dans les miennes, une forte \u00e9nergie m&rsquo;a parcouru et j&rsquo;ai r\u00e9ussi \u00e0 faire dispara\u00eetre sa douleur.<\/p>\n<p>C&rsquo;est depuis ce jour que j&rsquo;ai d\u00e9cid\u00e9 de d\u00e9velopper ce don pour le mettre au service du plus grand nombre. La spiritualit\u00e9, le partage sont des notions fondamentales pour moi.<\/p>\n<p>Cette p\u00e9riode de ma vie m&rsquo;a apport\u00e9 un mental d&rsquo;acier, l&rsquo;envie de me surpasser pour atteindre chaque jour les nouveaux objectifs que l&rsquo;on se fixe, et faire face aux surprises &#8211; bonnes et mauvaises &#8211; que la vie nous r\u00e9serve.<\/p>\n<p>J&rsquo;ai arr\u00eat\u00e9 le football, eu plusieurs activit\u00e9s professionnelles, et suis devenu p\u00e8re de 3 enfants.<\/p>\n<p>\u00c0 l&rsquo;\u00e2ge de 31 ans, on me diagnostique une scl\u00e9rose en plaques. Je suis pass\u00e9 par des moments tr\u00e8s difficiles, ponctu\u00e9 de longues p\u00e9riodes d&rsquo;inactivit\u00e9. Je n&rsquo;ai jamais baiss\u00e9 les bras pour autant. J&rsquo;ai appris plus que jamais \u00e0 <strong>relativiser<\/strong>, \u00e0 me <strong>recentrer sur l&rsquo;essentiel<\/strong>, \u00e0 <strong>l\u00e2cher prise<\/strong>.<\/p>\n<p>La spiritualit\u00e9, la relaxation ont \u00e9t\u00e9 mes refuges. Gr\u00e2ce \u00e0 un <strong>\u00e9tat d&rsquo;esprit positif<\/strong>, je suis \u00e0 l&rsquo;aube de mes 56 ans aujourd&rsquo;hui, je suis en pleine forme et sans aucun traitement m\u00e9dicamenteux.<\/p>\n<p>Quoi qu&rsquo;il arrive, \u00a0je me dis toujours <em>\u00ab\u00a0je vais y arriver\u00a0\u00bb<\/em> plut\u00f4t que <em>\u00ab\u00a0j&rsquo;esp\u00e8re que \u00e7a ira\u00a0\u00bb<\/em>. <strong>L&rsquo;auto-persuasion, les id\u00e9es positives ont un impact consid\u00e9rable sur la mani\u00e8re dont nous vivons et par cons\u00e9quent sur notre sant\u00e9.\u00a0<\/strong><\/p>\n<p><span style=\"font-weight: 400;\">\u00catre \u00e0 l\u2019\u00e9coute des autres mais aussi de soi pour am\u00e9liorer son quotidien. Instaurer des rituels de positivit\u00e9 d\u00e8s le r\u00e9veil. Planifier sa journ\u00e9e, se donner des objectifs&#8230; De nombreuses choses peuvent tous nous aider \u00e0 aller mieux. J&rsquo;en suis convaincu depuis toujours, et ma formation de Praticien en Techniques de Relaxation m&rsquo;a confort\u00e9 dans ce sens.\u00a0<\/span><\/p>\n<p>En parall\u00e8le \u00e0 mes activit\u00e9 de magn\u00e9tiseur \u00e9nerg\u00e9ticien, j&rsquo;ai travaill\u00e9 \u00e9galement dans l&rsquo;accompagnement de jeunes \u00e0 mi-temps au sein d&rsquo;une\u00a0<strong>Maison d&rsquo;Enfants \u00e0 Caract\u00e8re Social<\/strong> (MECS) en Loire-Atlantique (44). J&rsquo;ai veill\u00e9 sur les enfants durant la nuit, \u00e9tant \u00e0 leur disposition en cas de troubles du sommeil, mettant \u00e0 profit mon exp\u00e9rience en relaxation. Je les ai accompagn\u00e9s \u00e9galement durant le petit-d\u00e9jeuner pour les aider \u00e0 d\u00e9marrer la journ\u00e9e du bon pied. Cette activit\u00e9 fut tr\u00e8s enrichissante et \u00e9panouissante sur le plan humain.<\/p>\n<p>Voici le r\u00e9sum\u00e9 de mon parcours&#8230;\u00a0Par t\u00e9l\u00e9phone, par e-mail ou autour d&rsquo;un th\u00e9&#8230; Faisons plus ample connaissance. N&rsquo;h\u00e9sitez pas \u00e0 me faire parvenir toute question sur mon exp\u00e9rience ou mon activit\u00e9.<\/p>\n<p>Quelle que soit la difficult\u00e9 que vous traversez, je suis \u00e0 votre \u00e9coute. Nous aborderons ensemble les moyens \u00e0 mettre en place pour vous aider \u00e0 retrouver la s\u00e9r\u00e9nit\u00e9 et le bien-\u00eatre n\u00e9cessaires \u00e0 une vie \u00e9quilibr\u00e9e.<\/p>\n<p>\u00c0 bient\u00f4t,<\/p>\n<p>Gianni<\/p>\n<p><strong>06 83 17 83 95 <\/strong><\/p>\n<p><strong>\u00a0sgianni@orange.fr<\/strong><\/p>\n","protected":false},"excerpt":{"rendered":"<p>Nous avons tous dans notre entourage un proche, un voisin ou un coll\u00e8gue ayant un jour fait appel \u00e0 un sp\u00e9cialise de la m\u00e9decin alternative, parfois appel\u00e9e m\u00e9decine \u00ab\u00a0holistique\u00a0\u00bb. Magn\u00e9tiseur, rebouteux&#8230; Diverses appellations et divers t\u00e9moignages qui peuvent parfois susciter inqui\u00e9tude et interrogations, ce pourquoi je souhaite vous faire partager mon histoire. De nature sociable &hellip; <\/p>\n<p class=\"link-more\"><a href=\"https:\/\/magnetiseur44-gianni.fr\/index.php\/contact\/\" class=\"more-link\">Continuer la lecture<span class=\"screen-reader-text\"> de &laquo;&nbsp;Faisons connaissance&nbsp;&raquo;<\/span><\/a><\/p>\n","protected":false},"author":1,"featured_media":131,"parent":0,"menu_order":0,"comment_status":"closed","ping_status":"closed","template":"","meta":[],"_links":{"self":[{"href":"https:\/\/magnetiseur44-gianni.fr\/index.php\/wp-json\/wp\/v2\/pages\/9"}],"collection":[{"href":"https:\/\/magnetiseur44-gianni.fr\/index.php\/wp-json\/wp\/v2\/pages"}],"about":[{"href":"https:\/\/magnetiseur44-gianni.fr\/index.php\/wp-json\/wp\/v2\/types\/page"}],"author":[{"embeddable":true,"href":"https:\/\/magnetiseur44-gianni.fr\/index.php\/wp-json\/wp\/v2\/users\/1"}],"replies":[{"embeddable":true,"href":"https:\/\/magnetiseur44-gianni.fr\/index.php\/wp-json\/wp\/v2\/comments?post=9"}],"version-history":[{"count":9,"href":"https:\/\/magnetiseur44-gianni.fr\/index.php\/wp-json\/wp\/v2\/pages\/9\/revisions"}],"predecessor-version":[{"id":166,"href":"https:\/\/magnetiseur44-gianni.fr\/index.php\/wp-json\/wp\/v2\/pages\/9\/revisions\/166"}],"wp:featuredmedia":[{"embeddable":true,"href":"https:\/\/magnetiseur44-gianni.fr\/index.php\/wp-json\/wp\/v2\/media\/131"}],"wp:attachment":[{"href":"https:\/\/magnetiseur44-gianni.fr\/index.php\/wp-json\/wp\/v2\/media?parent=9"}],"curies":[{"name":"wp","href":"https:\/\/api.w.org\/{rel}","templated":true}]}}