{"id":11,"date":"2018-04-05T10:35:38","date_gmt":"2018-04-05T08:35:38","guid":{"rendered":"http:\/\/magnetiseur44-gianni.fr\/?page_id=11"},"modified":"2018-04-05T15:50:04","modified_gmt":"2018-04-05T13:50:04","slug":"lacher-prise","status":"publish","type":"page","link":"https:\/\/magnetiseur44-gianni.fr\/index.php\/lacher-prise\/","title":{"rendered":"Le l\u00e2cher prise"},"content":{"rendered":"<table>\n<tbody>\n<tr>\n<td>\n<div class=\"layoutArea\">\n<div class=\"column\">\n<p>La cl\u00e9 du bien-\u00eatre est en chacun de nous&#8230; Ne sous-estimez pas le pouvoir de votre cerveau! Une attitude positive vous aidera \u00e0 surmonter les d\u00e9fis que la vie nous impose parfois&#8230; Votre d\u00e9termination \u00e0 aller mieux est d\u00e9j\u00e0 un grand pas.<\/p>\n<p><i><em>L\u00e2cher prise, ce n&rsquo;est pas adapter les choses \u00e0 ses propres d\u00e9sirs, mais <strong>prendre chaque jour comme il vient et l&rsquo;appr\u00e9cier<\/strong>.<\/em><\/i><\/p>\n<p><em>L\u00e2cher prise, ce n&rsquo;est pas \u00eatre passif, mais au contraire <strong>tirer une le\u00e7on des cons\u00e9quences inh\u00e9rentes \u00e0 un \u00e9v\u00e8nement<\/strong>.\u00a0<\/em><\/p>\n<p><em>L\u00e2cher prise, ce n&rsquo;est pas rejeter c&rsquo;est au contraire <strong>accepter<\/strong>.<\/em><\/p>\n<p><em>L\u00e2cher prise, c&rsquo;est accepter de ne pas tout comprendre maintenant&#8230; ou peut-\u00eatre jamais. <\/em><\/p>\n<p><em>L\u00e2cher prise, c&rsquo;est <strong>craindre moins et aimer davantage<\/strong>.<\/em><\/p>\n<\/div>\n<\/div>\n<\/td>\n<\/tr>\n<\/tbody>\n<\/table>\n","protected":false},"excerpt":{"rendered":"<p>La cl\u00e9 du bien-\u00eatre est en chacun de nous&#8230; Ne sous-estimez pas le pouvoir de votre cerveau! Une attitude positive vous aidera \u00e0 surmonter les d\u00e9fis que la vie nous impose parfois&#8230; Votre d\u00e9termination \u00e0 aller mieux est d\u00e9j\u00e0 un grand pas. L\u00e2cher prise, ce n&rsquo;est pas adapter les choses \u00e0 ses propres d\u00e9sirs, mais &hellip; <\/p>\n<p class=\"link-more\"><a href=\"https:\/\/magnetiseur44-gianni.fr\/index.php\/lacher-prise\/\" class=\"more-link\">Continuer la lecture<span class=\"screen-reader-text\"> de &laquo;&nbsp;Le l\u00e2cher prise&nbsp;&raquo;<\/span><\/a><\/p>\n","protected":false},"author":1,"featured_media":51,"parent":0,"menu_order":0,"comment_status":"closed","ping_status":"closed","template":"","meta":[],"_links":{"self":[{"href":"https:\/\/magnetiseur44-gianni.fr\/index.php\/wp-json\/wp\/v2\/pages\/11"}],"collection":[{"href":"https:\/\/magnetiseur44-gianni.fr\/index.php\/wp-json\/wp\/v2\/pages"}],"about":[{"href":"https:\/\/magnetiseur44-gianni.fr\/index.php\/wp-json\/wp\/v2\/types\/page"}],"author":[{"embeddable":true,"href":"https:\/\/magnetiseur44-gianni.fr\/index.php\/wp-json\/wp\/v2\/users\/1"}],"replies":[{"embeddable":true,"href":"https:\/\/magnetiseur44-gianni.fr\/index.php\/wp-json\/wp\/v2\/comments?post=11"}],"version-history":[{"count":5,"href":"https:\/\/magnetiseur44-gianni.fr\/index.php\/wp-json\/wp\/v2\/pages\/11\/revisions"}],"predecessor-version":[{"id":63,"href":"https:\/\/magnetiseur44-gianni.fr\/index.php\/wp-json\/wp\/v2\/pages\/11\/revisions\/63"}],"wp:featuredmedia":[{"embeddable":true,"href":"https:\/\/magnetiseur44-gianni.fr\/index.php\/wp-json\/wp\/v2\/media\/51"}],"wp:attachment":[{"href":"https:\/\/magnetiseur44-gianni.fr\/index.php\/wp-json\/wp\/v2\/media?parent=11"}],"curies":[{"name":"wp","href":"https:\/\/api.w.org\/{rel}","templated":true}]}}