{"id":108,"date":"2018-06-11T19:51:33","date_gmt":"2018-06-11T17:51:33","guid":{"rendered":"http:\/\/magnetiseur44-gianni.fr\/?page_id=108"},"modified":"2019-09-22T22:48:37","modified_gmt":"2019-09-22T20:48:37","slug":"les-soins","status":"publish","type":"page","link":"https:\/\/magnetiseur44-gianni.fr\/index.php\/les-soins\/","title":{"rendered":"Les soins"},"content":{"rendered":"<h3><strong>Les soins \u00e0 domicile<\/strong><\/h3>\n<figure id=\"attachment_105\" aria-describedby=\"caption-attachment-105\" style=\"width: 1440px\" class=\"wp-caption alignnone\"><img loading=\"lazy\" class=\"wp-image-105 size-full\" src=\"http:\/\/magnetiseur44-gianni.fr\/wp-content\/uploads\/2018\/06\/soinadomicilegianni.jpg\" alt=\"\" width=\"1440\" height=\"951\" srcset=\"https:\/\/magnetiseur44-gianni.fr\/wp-content\/uploads\/2018\/06\/soinadomicilegianni.jpg 1440w, https:\/\/magnetiseur44-gianni.fr\/wp-content\/uploads\/2018\/06\/soinadomicilegianni-300x198.jpg 300w, https:\/\/magnetiseur44-gianni.fr\/wp-content\/uploads\/2018\/06\/soinadomicilegianni-768x507.jpg 768w, https:\/\/magnetiseur44-gianni.fr\/wp-content\/uploads\/2018\/06\/soinadomicilegianni-1024x676.jpg 1024w\" sizes=\"(max-width: 767px) 89vw, (max-width: 1000px) 54vw, (max-width: 1071px) 543px, 580px\" \/><figcaption id=\"caption-attachment-105\" class=\"wp-caption-text\">S\u00e9ance de soin \u00e9nerg\u00e9tique \u00e0 domicile<\/figcaption><\/figure>\n<p>Lors d&rsquo;une visite \u00e0 domicile, je me d\u00e9place avec ma table de soin pliante. Une bougie et une musique apaisante nous accompagnent durant ce moment qui vous est consacr\u00e9 afin que vous puissiez vous relaxer pleinement.<\/p>\n<p>Probl\u00e8mes cutan\u00e9s (verrues, zona, ecz\u00e9ma, br\u00fblure&#8230;), gestion de la douleur ou des \u00e9motions&#8230; Chaque visite commence par un \u00e9change, une discussion en t\u00eate \u00e0 t\u00eate sur le blocage qui vous freine dans votre quotidien.<\/p>\n<p>Vous trouverez sur la page T\u00e9moignages de nombreuses informations sur mes soins, ainsi que des photos montrant l&rsquo;\u00e9volution avant et apr\u00e8s s\u00e9ance de magn\u00e9tisme.<\/p>\n<h3><strong>Les s\u00e9ances de relaxation<\/strong><\/h3>\n<figure id=\"attachment_103\" aria-describedby=\"caption-attachment-103\" style=\"width: 960px\" class=\"wp-caption alignnone\"><img loading=\"lazy\" class=\"wp-image-103 size-full\" src=\"http:\/\/magnetiseur44-gianni.fr\/wp-content\/uploads\/2018\/06\/relaxationgianni.jpg\" alt=\"\" width=\"960\" height=\"802\" srcset=\"https:\/\/magnetiseur44-gianni.fr\/wp-content\/uploads\/2018\/06\/relaxationgianni.jpg 960w, https:\/\/magnetiseur44-gianni.fr\/wp-content\/uploads\/2018\/06\/relaxationgianni-300x251.jpg 300w, https:\/\/magnetiseur44-gianni.fr\/wp-content\/uploads\/2018\/06\/relaxationgianni-768x642.jpg 768w\" sizes=\"(max-width: 767px) 89vw, (max-width: 1000px) 54vw, (max-width: 1071px) 543px, 580px\" \/><figcaption id=\"caption-attachment-103\" class=\"wp-caption-text\">S\u00e9ance de relaxation de groupe pour enfants<\/figcaption><\/figure>\n<p>Individuelles ou collectives, pour adultes ou enfants, les s\u00e9ances de relaxation peuvent s&rsquo;effectuer partout \u00e0 condition d&rsquo;avoir un espace calme \u00e0 disposition. Elles permettent de retrouver le calme et la s\u00e9r\u00e9nit\u00e9 n\u00e9cessaires \u00e0 une vie apais\u00e9e, plus \u00e9quilibr\u00e9e.<\/p>\n<p>Quel que soit votre besoin, n&rsquo;h\u00e9sitez pas \u00e0 me contacter pour organiser une s\u00e9ance de relaxation \u00e0 domicile ou en collectivit\u00e9.<\/p>\n<p>&nbsp;<\/p>\n<p>&nbsp;<\/p>\n","protected":false},"excerpt":{"rendered":"<p>Les soins \u00e0 domicile Lors d&rsquo;une visite \u00e0 domicile, je me d\u00e9place avec ma table de soin pliante. Une bougie et une musique apaisante nous accompagnent durant ce moment qui vous est consacr\u00e9 afin que vous puissiez vous relaxer pleinement. Probl\u00e8mes cutan\u00e9s (verrues, zona, ecz\u00e9ma, br\u00fblure&#8230;), gestion de la douleur ou des \u00e9motions&#8230; Chaque visite &hellip; <\/p>\n<p class=\"link-more\"><a href=\"https:\/\/magnetiseur44-gianni.fr\/index.php\/les-soins\/\" class=\"more-link\">Continuer la lecture<span class=\"screen-reader-text\"> de &laquo;&nbsp;Les soins&nbsp;&raquo;<\/span><\/a><\/p>\n","protected":false},"author":1,"featured_media":0,"parent":0,"menu_order":0,"comment_status":"closed","ping_status":"closed","template":"","meta":[],"_links":{"self":[{"href":"https:\/\/magnetiseur44-gianni.fr\/index.php\/wp-json\/wp\/v2\/pages\/108"}],"collection":[{"href":"https:\/\/magnetiseur44-gianni.fr\/index.php\/wp-json\/wp\/v2\/pages"}],"about":[{"href":"https:\/\/magnetiseur44-gianni.fr\/index.php\/wp-json\/wp\/v2\/types\/page"}],"author":[{"embeddable":true,"href":"https:\/\/magnetiseur44-gianni.fr\/index.php\/wp-json\/wp\/v2\/users\/1"}],"replies":[{"embeddable":true,"href":"https:\/\/magnetiseur44-gianni.fr\/index.php\/wp-json\/wp\/v2\/comments?post=108"}],"version-history":[{"count":7,"href":"https:\/\/magnetiseur44-gianni.fr\/index.php\/wp-json\/wp\/v2\/pages\/108\/revisions"}],"predecessor-version":[{"id":142,"href":"https:\/\/magnetiseur44-gianni.fr\/index.php\/wp-json\/wp\/v2\/pages\/108\/revisions\/142"}],"wp:attachment":[{"href":"https:\/\/magnetiseur44-gianni.fr\/index.php\/wp-json\/wp\/v2\/media?parent=108"}],"curies":[{"name":"wp","href":"https:\/\/api.w.org\/{rel}","templated":true}]}}