{"id":100,"date":"2018-06-28T22:58:13","date_gmt":"2018-06-28T20:58:13","guid":{"rendered":"http:\/\/magnetiseur44-gianni.fr\/?page_id=100"},"modified":"2019-09-22T22:45:57","modified_gmt":"2019-09-22T20:45:57","slug":"temoignages","status":"publish","type":"page","link":"https:\/\/magnetiseur44-gianni.fr\/index.php\/temoignages\/","title":{"rendered":"T\u00e9moignages"},"content":{"rendered":"<p><strong>Les s\u00e9ances de magn\u00e9tisme que je prodigue ont \u00e9t\u00e9 b\u00e9n\u00e9fiques \u00e0 de multiples reprises pour la r\u00e9solution de probl\u00e8mes cutan\u00e9s tels que les verrues, le zona, l&rsquo;\u00e9cz\u00e9ma ou encore les br\u00fblures.<\/strong><\/p>\n<p>Voici des photos prises sur une dame souffrant de <strong>zona<\/strong> courant 2017, totalement gu\u00e9rie aujourd&rsquo;hui apr\u00e8s mes soins:<\/p>\n<figure id=\"attachment_122\" aria-describedby=\"caption-attachment-122\" style=\"width: 1200px\" class=\"wp-caption alignnone\"><img loading=\"lazy\" class=\"wp-image-122\" src=\"http:\/\/magnetiseur44-gianni.fr\/wp-content\/uploads\/2018\/06\/Capture-d\u2019\u00e9cran-2018-06-29-\u00e0-00.03.26.png\" alt=\"\" width=\"1200\" height=\"243\" srcset=\"https:\/\/magnetiseur44-gianni.fr\/wp-content\/uploads\/2018\/06\/Capture-d\u2019\u00e9cran-2018-06-29-\u00e0-00.03.26.png 972w, https:\/\/magnetiseur44-gianni.fr\/wp-content\/uploads\/2018\/06\/Capture-d\u2019\u00e9cran-2018-06-29-\u00e0-00.03.26-300x61.png 300w, https:\/\/magnetiseur44-gianni.fr\/wp-content\/uploads\/2018\/06\/Capture-d\u2019\u00e9cran-2018-06-29-\u00e0-00.03.26-768x156.png 768w\" sizes=\"(max-width: 767px) 89vw, (max-width: 1000px) 54vw, (max-width: 1071px) 543px, 580px\" \/><figcaption id=\"caption-attachment-122\" class=\"wp-caption-text\">\u00c9volution d&rsquo;un zona apr\u00e8s plusieurs s\u00e9ances de magn\u00e9tisme.<\/figcaption><\/figure>\n<p>T\u00e9moignage d&rsquo;Amandine,<strong> br\u00fbl\u00e9e au 2\u00e8me degr\u00e9<\/strong> lors d&rsquo;un accident domestique : \u00ab\u00a0Merci mon bras gu\u00e9ri bien et vite\u00a0\u00bb.<\/p>\n<p><strong>R\u00e9sultats visibles apr\u00e8s un seul soin (\u00e9teint-feu)<\/strong><\/p>\n<p><img loading=\"lazy\" class=\"alignnone size-medium wp-image-136\" src=\"http:\/\/magnetiseur44-gianni.fr\/wp-content\/uploads\/2019\/09\/t\u00e9moignage-br\u00fblure-Gianni-300x300.png\" alt=\"\" width=\"300\" height=\"300\" srcset=\"https:\/\/magnetiseur44-gianni.fr\/wp-content\/uploads\/2019\/09\/t\u00e9moignage-br\u00fblure-Gianni-300x300.png 300w, https:\/\/magnetiseur44-gianni.fr\/wp-content\/uploads\/2019\/09\/t\u00e9moignage-br\u00fblure-Gianni-150x150.png 150w, https:\/\/magnetiseur44-gianni.fr\/wp-content\/uploads\/2019\/09\/t\u00e9moignage-br\u00fblure-Gianni-100x100.png 100w, https:\/\/magnetiseur44-gianni.fr\/wp-content\/uploads\/2019\/09\/t\u00e9moignage-br\u00fblure-Gianni.png 539w\" sizes=\"(max-width: 300px) 100vw, 300px\" \/><\/p>\n<div class=\"_1dwg _1w_m _q7o\">\n<div id=\"js_85s\" class=\"_5pbx userContent _3576\" data-testid=\"post_message\" data-ft=\"{&quot;tn&quot;:&quot;K&quot;}\">\n<p><strong>T\u00e9moignage de la m\u00e8re du petit Tony, 6 mois, pr\u00e9sentant un ecz\u00e9ma au visage:<\/strong> <em>\u00ab\u00a0Mon fils avait de l\u2019ecz\u00e9ma tr\u00e8s important sur le visage. On a tout essay\u00e9: cr\u00e8me que l\u2019on nous proposait en pharmacie, mais rien (&#8230;). On avait mal pour lui car c\u2019\u00e9tait tellement important, ont \u00e9tait impuissants. Donc on a fait appel \u00e0 Gianni pour soigner mon fils. La premi\u00e8re fois \u00e7a l\u2019a calm\u00e9 on pensait que c\u2019\u00e9tait bon car plus rien mais quelques jours plus tard c\u2019est revenu donc il est repass\u00e9. Et depuis mon fils n\u2019a plus rien \u00e7a a disparu, on est tr\u00e8s heureux car je retrouve mon b\u00e9b\u00e9 avec un visage m\u00e9tamorphos\u00e9. Je te dit un grand merci Gianni\u00a0\u00bb. <strong>D\u00e9borah<\/strong><\/em><\/p>\n<\/div>\n<div class=\"_3x-2\" data-ft=\"{&quot;tn&quot;:&quot;H&quot;}\">\n<div data-ft=\"{&quot;tn&quot;:&quot;H&quot;}\"><img loading=\"lazy\" class=\"alignnone size-medium wp-image-137\" src=\"http:\/\/magnetiseur44-gianni.fr\/wp-content\/uploads\/2019\/09\/Capture-d\u2019\u00e9cran-2019-09-22-\u00e0-22.36.02-300x167.png\" alt=\"\" width=\"300\" height=\"167\" srcset=\"https:\/\/magnetiseur44-gianni.fr\/wp-content\/uploads\/2019\/09\/Capture-d\u2019\u00e9cran-2019-09-22-\u00e0-22.36.02-300x167.png 300w, https:\/\/magnetiseur44-gianni.fr\/wp-content\/uploads\/2019\/09\/Capture-d\u2019\u00e9cran-2019-09-22-\u00e0-22.36.02.png 749w\" sizes=\"(max-width: 300px) 100vw, 300px\" \/><\/div>\n<div data-ft=\"{&quot;tn&quot;:&quot;H&quot;}\"><\/div>\n<\/div>\n<\/div>\n<p><strong>Vous trouverez ci-apr\u00e8s une s\u00e9lection d&rsquo;autres t\u00e9moignages laiss\u00e9s sur Internet:<\/strong><\/p>\n<p><em>\u00ab\u00a0Ayant depuis plusieurs mois des d\u00e9sagr\u00e9ments li\u00e9s au <span style=\"text-decoration: underline;\">stress,<\/span> j&rsquo; ai fait appel \u00e0 Mr Sourisseau qui \u00e0 r\u00e9ussi \u00e0 lib\u00e9rer les <span style=\"text-decoration: underline;\">tensions<\/span> accumul\u00e9es au fil du temps. J&rsquo;ai ressenti un bien \u00eatre int\u00e9rieur et depuis je suis plus zen!<\/em><br \/>\n<em>A essayer sans crainte, ce n&rsquo;est que b\u00e9n\u00e9fique.\u00a0\u00bb<\/em> <em><strong>V\u00e9ronique<\/strong><\/em><\/p>\n<p><em>\u00ab\u00a0Mon petit loulou ne dormait plus depuis plusieurs mois. Beaucoup de <span style=\"text-decoration: underline;\">cauchemars<\/span> et de stress&#8230;. Mr Sourisseau a su l&rsquo;apaiser. Cela a mis environ une petite semaine pour chasser tout cela. Aujourd&rsquo;hui il dort et nous aussi <span class=\"_47e3 _5mfr\" title=\"\u00e9motic\u00f4ne smile\"><img loading=\"lazy\" class=\"img\" role=\"presentation\" src=\"https:\/\/static.xx.fbcdn.net\/images\/emoji.php\/v9\/f4c\/1\/16\/1f642.png\" alt=\"\" width=\"16\" height=\"16\" \/><\/span>\u00a0!!!! un grand grand merci pour son aide qui je peux le dire est \u00ab\u00a0miraculeuse\u00a0\u00bb !!!! <strong>Nanou<\/strong><\/em><\/p>\n<p><em>\u00ab\u00a0Depuis des ann\u00e9es 16 ans exactement mon mari souffrait de tout ses membres surtout de sa <span style=\"text-decoration: underline;\">hanche<\/span> ; depuis qu il a visit\u00e9 Mr Gianni Sourisseau il va super bien il lui a \u00e9vit\u00e9 une op\u00e9ration et peut \u00eatre sa fin de vie dans un fauteuil; nous le remercions pour l&rsquo;attention et le bien \u00eatre qu&rsquo;il procure et transmet \u00e0 ses patients de tout notre coeur encore merci\u00a0\u00bb. <strong>Maryvonne<\/strong><\/em><\/p>\n<p><em>\u00ab\u00a0Mon fils avait trois <span style=\"text-decoration: underline;\">verrues<\/span> sur la main et apr\u00e8s avoir tout essay\u00e9 , les produits de pharmacie et du dermatologue qui l&rsquo;ont br\u00fbl\u00e9 3 fois, rien ne marchait&#8230;. Je me suis tourn\u00e9e vers Gianni qui a vu mon fils 3 fois. \u00a0Deux \u00e0 trois semaines plus tard, tout \u00e9tait parti.\u00a0\u00bb <strong>Marie-Jos\u00e9e<\/strong><\/em><\/p>\n<p><em>\u00ab\u00a0Un grand merci \u00e0 Monsieur Sourisseau Gianni, ma fille avait de gros probl\u00e8mes de sommeil, merci \u00e0 vous pour votre travail, ma fille dort beaucoup mieux et beaucoup moins stress\u00e9e.\u00a0Je vous recommande Monsieur Sourisseau pour son excellent travail, n&rsquo;h\u00e9sitez pas \u00e0 le contacter si besoin !!!!\u00a0\u00bb\u00a0<strong>Delphine<\/strong><\/em><\/p>\n<p><em>\u00ab\u00a0Pour des blocages qui me pourrissaient la vie, Mr Sourisseau m&rsquo;a permis de faire un l\u00e2cher prise et d\u00e9bloquer les zones contract\u00e9es de mon corps. Depuis je me sens carr\u00e9ment mieux. Et je le remercie encore pour son travail effectu\u00e9.\u00a0\u00bb<\/em><\/p>\n<p><em>\u00ab\u00a0Tr\u00e8s bon travail sur les <span style=\"text-decoration: underline;\">verrues<\/span> de ma fille, nous avons essay\u00e9 beaucoup de choses avant, sans succ\u00e8s. Apr\u00e8s notre visite, un excellent suivi, elles ont compl\u00e8tement disparues! \u00c9patant!\u00a0\u00bb <strong>St\u00e9phanie<\/strong><\/em><\/p>\n<p><em>\u00ab\u00a0Laissez-vous guider par l\u2019exp\u00e9rience et le professionnalisme de Gianni.<\/em><br \/>\n<em>C\u2019est une personne \u00e0 l\u2019\u00e9coute qui vous transmets son l\u00e2cher prise et sa zen attitude.\u00a0Je recommande vivement : quels que soient vos maux.\u00a0\u00bb<\/em> <strong>Anne-Sophie<\/strong><\/p>\n<div>\n<form id=\"u_fetchstream_11_1q\" class=\"commentable_item\" action=\"https:\/\/www.facebook.com\/ajax\/ufi\/modify.php\" method=\"post\" data-ft=\"{&quot;tn&quot;:&quot;]&quot;}\">\n<div class=\"_sa_ _gsd _fgm _5vsi _192z _1sz4 _1i6z\">\n<div class=\"_37uu\">\n<div>\n<div class=\"_57w\">\n<div class=\"_3399 _1f6t _4_dr _20h5\">\n<div class=\"_524d\">\n<div class=\"_ipn clearfix _-5d\">\n<div class=\"_ipo\"><strong style=\"font-size: 1rem;\">Ces avis sont consultables sur ma page Facebook (cliquez sur l&rsquo;ic\u00f4ne en bas \u00e0 gauche de la page ou cliquez sur ce lien) :\u00a0<\/strong><\/div>\n<\/div>\n<\/div>\n<\/div>\n<\/div>\n<\/div>\n<\/div>\n<\/div>\n<\/form>\n<\/div>\n<p><a href=\"https:\/\/www.facebook.com\/Gianni-Sourisseau-magn\u00e9tiseur-\u00e9nerg\u00e9ticien-relaxation-1037993596218700\/\">https:\/\/www.facebook.com\/Gianni-Sourisseau-magn\u00e9tiseur-\u00e9nerg\u00e9ticien-relaxation-1037993596218700\/<\/a><\/p>\n","protected":false},"excerpt":{"rendered":"<p>Les s\u00e9ances de magn\u00e9tisme que je prodigue ont \u00e9t\u00e9 b\u00e9n\u00e9fiques \u00e0 de multiples reprises pour la r\u00e9solution de probl\u00e8mes cutan\u00e9s tels que les verrues, le zona, l&rsquo;\u00e9cz\u00e9ma ou encore les br\u00fblures. Voici des photos prises sur une dame souffrant de zona courant 2017, totalement gu\u00e9rie aujourd&rsquo;hui apr\u00e8s mes soins: T\u00e9moignage d&rsquo;Amandine, br\u00fbl\u00e9e au 2\u00e8me degr\u00e9 &hellip; <\/p>\n<p class=\"link-more\"><a href=\"https:\/\/magnetiseur44-gianni.fr\/index.php\/temoignages\/\" class=\"more-link\">Continuer la lecture<span class=\"screen-reader-text\"> de &laquo;&nbsp;T\u00e9moignages&nbsp;&raquo;<\/span><\/a><\/p>\n","protected":false},"author":1,"featured_media":130,"parent":0,"menu_order":0,"comment_status":"closed","ping_status":"closed","template":"","meta":[],"_links":{"self":[{"href":"https:\/\/magnetiseur44-gianni.fr\/index.php\/wp-json\/wp\/v2\/pages\/100"}],"collection":[{"href":"https:\/\/magnetiseur44-gianni.fr\/index.php\/wp-json\/wp\/v2\/pages"}],"about":[{"href":"https:\/\/magnetiseur44-gianni.fr\/index.php\/wp-json\/wp\/v2\/types\/page"}],"author":[{"embeddable":true,"href":"https:\/\/magnetiseur44-gianni.fr\/index.php\/wp-json\/wp\/v2\/users\/1"}],"replies":[{"embeddable":true,"href":"https:\/\/magnetiseur44-gianni.fr\/index.php\/wp-json\/wp\/v2\/comments?post=100"}],"version-history":[{"count":8,"href":"https:\/\/magnetiseur44-gianni.fr\/index.php\/wp-json\/wp\/v2\/pages\/100\/revisions"}],"predecessor-version":[{"id":141,"href":"https:\/\/magnetiseur44-gianni.fr\/index.php\/wp-json\/wp\/v2\/pages\/100\/revisions\/141"}],"wp:featuredmedia":[{"embeddable":true,"href":"https:\/\/magnetiseur44-gianni.fr\/index.php\/wp-json\/wp\/v2\/media\/130"}],"wp:attachment":[{"href":"https:\/\/magnetiseur44-gianni.fr\/index.php\/wp-json\/wp\/v2\/media?parent=100"}],"curies":[{"name":"wp","href":"https:\/\/api.w.org\/{rel}","templated":true}]}}